{"id":3067,"date":"2026-03-27T08:01:49","date_gmt":"2026-03-27T08:01:49","guid":{"rendered":"https:\/\/www.yervoyages.com\/?page_id=3067"},"modified":"2026-03-27T09:25:36","modified_gmt":"2026-03-27T09:25:36","slug":"deneyimler","status":"publish","type":"page","link":"https:\/\/www.yervoyages.com\/?page_id=3067&lang=tr","title":{"rendered":"G\u00fcvertede Yoga"},"content":{"rendered":"\t\t<div data-elementor-type=\"wp-page\" data-elementor-id=\"3067\" class=\"elementor elementor-3067\" data-elementor-post-type=\"page\">\n\t\t\t\t\t\t<section class=\"elementor-section elementor-top-section elementor-element elementor-element-0fa4bf0 elementor-section-height-min-height elementor-section-boxed elementor-section-height-default elementor-section-items-middle\" data-id=\"0fa4bf0\" data-element_type=\"section\" data-e-type=\"section\" data-settings=\"{&quot;background_background&quot;:&quot;gradient&quot;}\">\n\t\t\t\t\t\t<div class=\"elementor-container elementor-column-gap-default\">\n\t\t\t\t\t<div class=\"elementor-column elementor-col-100 elementor-top-column elementor-element elementor-element-63de8d2\" data-id=\"63de8d2\" data-element_type=\"column\" data-e-type=\"column\">\n\t\t\t<div class=\"elementor-widget-wrap elementor-element-populated\">\n\t\t\t\t\t\t<div class=\"elementor-element elementor-element-c856cee elementor-widget elementor-widget-spacer\" data-id=\"c856cee\" data-element_type=\"widget\" data-e-type=\"widget\" data-widget_type=\"spacer.default\">\n\t\t\t\t\t\t\t<div class=\"elementor-spacer\">\n\t\t\t<div class=\"elementor-spacer-inner\"><\/div>\n\t\t<\/div>\n\t\t\t\t\t\t<\/div>\n\t\t\t\t\t<\/div>\n\t\t<\/div>\n\t\t\t\t\t<\/div>\n\t\t<\/section>\n\t\t\t\t<section class=\"elementor-section elementor-top-section elementor-element elementor-element-85f5683 elementor-section-items-top elementor-section-height-min-height elementor-section-boxed elementor-section-height-default\" data-id=\"85f5683\" data-element_type=\"section\" data-e-type=\"section\" data-settings=\"{&quot;background_background&quot;:&quot;classic&quot;}\">\n\t\t\t\t\t\t<div class=\"elementor-container elementor-column-gap-no\">\n\t\t\t\t\t<div class=\"elementor-column elementor-col-100 elementor-top-column elementor-element elementor-element-62a8a59\" data-id=\"62a8a59\" data-element_type=\"column\" data-e-type=\"column\">\n\t\t\t<div class=\"elementor-widget-wrap elementor-element-populated\">\n\t\t\t\t\t\t<section class=\"elementor-section elementor-inner-section elementor-element elementor-element-84aed9b elementor-section-boxed elementor-section-height-default elementor-section-height-default\" data-id=\"84aed9b\" data-element_type=\"section\" data-e-type=\"section\">\n\t\t\t\t\t\t<div class=\"elementor-container elementor-column-gap-default\">\n\t\t\t\t\t<div class=\"elementor-column elementor-col-50 elementor-inner-column elementor-element elementor-element-7ddf255\" data-id=\"7ddf255\" data-element_type=\"column\" data-e-type=\"column\">\n\t\t\t<div class=\"elementor-widget-wrap elementor-element-populated\">\n\t\t\t\t\t\t<div class=\"elementor-element elementor-element-7ba8770 elementor-widget elementor-widget-heading\" data-id=\"7ba8770\" data-element_type=\"widget\" data-e-type=\"widget\" data-widget_type=\"heading.default\">\n\t\t\t\t\t<h2 class=\"elementor-heading-title elementor-size-default\">Yer Voyage <\/h2>\t\t\t\t<\/div>\n\t\t\t\t<div class=\"elementor-element elementor-element-7a3fc2f elementor-widget elementor-widget-heading\" data-id=\"7a3fc2f\" data-element_type=\"widget\" data-e-type=\"widget\" data-widget_type=\"heading.default\">\n\t\t\t\t\t<h2 class=\"elementor-heading-title elementor-size-default\">G\u00fcvertede Yoga<\/h2>\t\t\t\t<\/div>\n\t\t\t\t<div class=\"elementor-element elementor-element-83e5ef0 elementor-widget elementor-widget-text-editor\" data-id=\"83e5ef0\" data-element_type=\"widget\" data-e-type=\"widget\" data-widget_type=\"text-editor.default\">\n\t\t\t\t\t\t\t\t\t<p data-start=\"453\" data-end=\"575\">Y\u00e9r voyage ve Yoga on Deck i\u015f birli\u011fiyle haz\u0131rlanan bu \u00f6zel bulu\u015fma, klasik bir yoga seans\u0131n\u0131n \u00f6tesinde bir deneyim sunar.<\/p><p data-start=\"577\" data-end=\"725\">Tallinn\u2019in en se\u00e7kin limanlar\u0131ndan birinde, bir yat\u0131n g\u00fcvertesinde ger\u00e7ekle\u015fecek bu etkinlik; hareket, estetik ve sosyal deneyimi bir araya getirir.<\/p><p data-start=\"727\" data-end=\"871\">Bu sadece bir yoga seans\u0131 de\u011fil \u2014 ayn\u0131 zamanda an\u0131n tad\u0131n\u0131 \u00e7\u0131kard\u0131\u011f\u0131n\u0131z, ba\u011flant\u0131 kurdu\u011funuz ve hat\u0131rlanacak anlar yaratt\u0131\u011f\u0131n\u0131z bir atmosferdir.<\/p><p data-start=\"890\" data-end=\"1042\">Kat\u0131l\u0131mc\u0131lar, deneyimli bir e\u011fitmen e\u015fli\u011finde ger\u00e7ekle\u015fen yakla\u015f\u0131k 1 saatlik yoga prati\u011finin ard\u0131ndan, g\u00fcn bat\u0131m\u0131 e\u015fli\u011finde sosyal bir ak\u0131\u015fa dahil olur.<\/p><p data-start=\"727\" data-end=\"871\">\u00a0<\/p><p data-start=\"1044\" data-end=\"1147\">Se\u00e7ili ikramlar, \u00f6zenle haz\u0131rlanm\u0131\u015f detaylar ve sakin bir atmosfer ile deneyim b\u00fct\u00fcnc\u00fcl bir hale gelir.<\/p>\t\t\t\t\t\t\t\t<\/div>\n\t\t\t\t<div class=\"elementor-element elementor-element-07d4ce0 elementor-widget elementor-widget-heading\" data-id=\"07d4ce0\" data-element_type=\"widget\" data-e-type=\"widget\" data-widget_type=\"heading.default\">\n\t\t\t\t\t<h2 class=\"elementor-heading-title elementor-size-default\">DAH\u0130L OLANLAR<\/h2>\t\t\t\t<\/div>\n\t\t\t\t<div class=\"elementor-element elementor-element-51efb06 elementor-widget elementor-widget-text-editor\" data-id=\"51efb06\" data-element_type=\"widget\" data-e-type=\"widget\" data-widget_type=\"text-editor.default\">\n\t\t\t\t\t\t\t\t\t<ul><li data-section-id=\"1mse54e\" data-start=\"1172\" data-end=\"1225\">Deneyimli e\u011fitmen e\u015fli\u011finde 1 saatlik yoga seans\u0131<\/li><li data-section-id=\"uc1b0a\" data-start=\"1226\" data-end=\"1266\">Profesyonel foto\u011fraf ve video \u00e7ekimi<\/li><li data-section-id=\"8sqvto\" data-start=\"1267\" data-end=\"1309\">So\u011fuk servis edilen bir kadeh \u015fampanya<\/li><li data-section-id=\"1e8928f\" data-start=\"1310\" data-end=\"1345\">Hafif ve se\u00e7ili at\u0131\u015ft\u0131rmal\u0131klar<\/li><li data-section-id=\"bp0t73\" data-start=\"1346\" data-end=\"1381\">T\u00fcm kat\u0131l\u0131mc\u0131lar i\u00e7in yoga mat\u0131<\/li><li data-section-id=\"1w2b9xj\" data-start=\"1382\" data-end=\"1435\">y\u00e9r voyage k\u00fcrasyonuyla haz\u0131rlanm\u0131\u015f \u00f6zel atmosfer<\/li><\/ul>\t\t\t\t\t\t\t\t<\/div>\n\t\t\t\t<section class=\"elementor-section elementor-inner-section elementor-element elementor-element-30c2e65 elementor-section-boxed elementor-section-height-default elementor-section-height-default\" data-id=\"30c2e65\" data-element_type=\"section\" data-e-type=\"section\">\n\t\t\t\t\t\t<div class=\"elementor-container elementor-column-gap-default\">\n\t\t\t\t\t<div class=\"elementor-column elementor-col-100 elementor-inner-column elementor-element elementor-element-b4ba5fa\" data-id=\"b4ba5fa\" data-element_type=\"column\" data-e-type=\"column\">\n\t\t\t<div class=\"elementor-widget-wrap elementor-element-populated\">\n\t\t\t\t\t\t<div class=\"elementor-element elementor-element-17ff493 elementor-widget elementor-widget-heading\" data-id=\"17ff493\" data-element_type=\"widget\" data-e-type=\"widget\" data-widget_type=\"heading.default\">\n\t\t\t\t\t<h2 class=\"elementor-heading-title elementor-size-default\">ZAMAN &amp; YER<\/h2>\t\t\t\t<\/div>\n\t\t\t\t<div class=\"elementor-element elementor-element-5586ec7 elementor-widget elementor-widget-text-editor\" data-id=\"5586ec7\" data-element_type=\"widget\" data-e-type=\"widget\" data-widget_type=\"text-editor.default\">\n\t\t\t\t\t\t\t\t\t<p data-start=\"1554\" data-end=\"1634\"><strong data-start=\"1554\" data-end=\"1563\">Tarih<\/strong><br data-start=\"1563\" data-end=\"1566\" \/>Etkinlik tarihi, en ideal hava ko\u015fullar\u0131 g\u00f6zetilerek planlanacakt\u0131r.<\/p><p data-start=\"1636\" data-end=\"1796\"><strong data-start=\"1636\" data-end=\"1648\">Lokasyon<\/strong><br data-start=\"1648\" data-end=\"1651\" \/>Tallinn\u2019deki se\u00e7ili limanlardan birinde ger\u00e7ekle\u015fecektir.<br data-start=\"1708\" data-end=\"1711\" \/>Kesin konum, etkinlikten bir hafta \u00f6nce yaln\u0131zca kay\u0131tl\u0131 kat\u0131l\u0131mc\u0131lar ile payla\u015f\u0131l\u0131r.<\/p>\t\t\t\t\t\t\t\t<\/div>\n\t\t\t\t\t<\/div>\n\t\t<\/div>\n\t\t\t\t\t<\/div>\n\t\t<\/section>\n\t\t\t\t\t<\/div>\n\t\t<\/div>\n\t\t\t\t<div class=\"elementor-column elementor-col-50 elementor-inner-column elementor-element elementor-element-e8cb255\" data-id=\"e8cb255\" data-element_type=\"column\" data-e-type=\"column\">\n\t\t\t<div class=\"elementor-widget-wrap elementor-element-populated\">\n\t\t\t\t\t\t<div class=\"elementor-element elementor-element-0dfc56d elementor-widget elementor-widget-image\" data-id=\"0dfc56d\" data-element_type=\"widget\" data-e-type=\"widget\" data-widget_type=\"image.default\">\n\t\t\t\t\t\t\t\t\t\t\t\t\t\t\t<img fetchpriority=\"high\" decoding=\"async\" width=\"683\" height=\"1024\" src=\"https:\/\/www.yervoyages.com\/wp-content\/uploads\/2026\/03\/233-683x1024.jpg\" class=\"attachment-large size-large wp-image-3071\" alt=\"\" srcset=\"https:\/\/www.yervoyages.com\/wp-content\/uploads\/2026\/03\/233-683x1024.jpg 683w, https:\/\/www.yervoyages.com\/wp-content\/uploads\/2026\/03\/233-200x300.jpg 200w, https:\/\/www.yervoyages.com\/wp-content\/uploads\/2026\/03\/233-768x1152.jpg 768w, https:\/\/www.yervoyages.com\/wp-content\/uploads\/2026\/03\/233.jpg 1000w\" sizes=\"(max-width: 683px) 100vw, 683px\" \/>\t\t\t\t\t\t\t\t\t\t\t\t\t\t\t<\/div>\n\t\t\t\t\t<\/div>\n\t\t<\/div>\n\t\t\t\t\t<\/div>\n\t\t<\/section>\n\t\t\t\t<section class=\"elementor-section elementor-inner-section elementor-element elementor-element-78d3cc9 elementor-section-boxed elementor-section-height-default elementor-section-height-default\" data-id=\"78d3cc9\" data-element_type=\"section\" data-e-type=\"section\">\n\t\t\t\t\t\t<div class=\"elementor-container elementor-column-gap-no\">\n\t\t\t\t\t<div class=\"elementor-column elementor-col-100 elementor-inner-column elementor-element elementor-element-914ac74\" data-id=\"914ac74\" data-element_type=\"column\" data-e-type=\"column\">\n\t\t\t<div class=\"elementor-widget-wrap elementor-element-populated\">\n\t\t\t\t\t\t<div class=\"elementor-element elementor-element-96bf76f pp-divider-center elementor-widget elementor-widget-pp-divider\" data-id=\"96bf76f\" data-element_type=\"widget\" data-e-type=\"widget\" data-widget_type=\"pp-divider.default\">\n\t\t\t\t\t\t\t<div class=\"pp-divider-wrap\">\n\t\t\t\t\t\t\t<div class=\"divider-text-container\">\n\t\t\t\t\t<div class=\"divider-text-wrap\">\n\t\t\t\t\t\t<span class=\"pp-divider-border-wrap divider-border-left\">\n\t\t\t\t\t\t\t<span class=\"divider-border\"><\/span>\n\t\t\t\t\t\t<\/span>\n\t\t\t\t\t\t<span class=\"pp-divider-content\">\n\t\t\t\t\t\t\t\t\t\t\t\t\t\t\t<span class=\"pp-divider-image pp-icon\">\n\t\t\t\t\t\t\t\t\t<img decoding=\"async\" width=\"512\" height=\"311\" src=\"https:\/\/www.yervoyages.com\/wp-content\/uploads\/2025\/12\/logo-blue.png\" class=\"attachment-full size-full wp-image-627\" alt=\"\" srcset=\"https:\/\/www.yervoyages.com\/wp-content\/uploads\/2025\/12\/logo-blue.png 512w, https:\/\/www.yervoyages.com\/wp-content\/uploads\/2025\/12\/logo-blue-300x182.png 300w\" sizes=\"(max-width: 512px) 100vw, 512px\" \/>\t\t\t\t\t\t\t\t<\/span>\n\t\t\t\t\t\t\t\t\t\t\t\t\t<\/span>\n\t\t\t\t\t\t<span class=\"pp-divider-border-wrap divider-border-right\">\n\t\t\t\t\t\t\t<span class=\"divider-border\"><\/span>\n\t\t\t\t\t\t<\/span>\n\t\t\t\t\t<\/div>\n\t\t\t\t<\/div>\n\t\t\t\t\t\t<\/div>    \n\t\t\t\t\t\t<\/div>\n\t\t\t\t\t<\/div>\n\t\t<\/div>\n\t\t\t\t\t<\/div>\n\t\t<\/section>\n\t\t\t\t<section class=\"elementor-section elementor-inner-section elementor-element elementor-element-339b004 elementor-section-boxed elementor-section-height-default elementor-section-height-default\" data-id=\"339b004\" data-element_type=\"section\" data-e-type=\"section\">\n\t\t\t\t\t\t<div class=\"elementor-container elementor-column-gap-no\">\n\t\t\t\t\t<div class=\"elementor-column elementor-col-50 elementor-inner-column elementor-element elementor-element-7859a67\" data-id=\"7859a67\" data-element_type=\"column\" data-e-type=\"column\" data-settings=\"{&quot;background_background&quot;:&quot;classic&quot;}\">\n\t\t\t<div class=\"elementor-widget-wrap elementor-element-populated\">\n\t\t\t\t\t\t<div class=\"elementor-element elementor-element-4bd8235 elementor-widget elementor-widget-heading\" data-id=\"4bd8235\" data-element_type=\"widget\" data-e-type=\"widget\" data-widget_type=\"heading.default\">\n\t\t\t\t\t<h2 class=\"elementor-heading-title elementor-size-default\">HEMEN \u00d6N KAYIT OLU\u015eTURUN<\/h2>\t\t\t\t<\/div>\n\t\t\t\t<div class=\"elementor-element elementor-element-298a3f8 elementor-widget elementor-widget-text-editor\" data-id=\"298a3f8\" data-element_type=\"widget\" data-e-type=\"widget\" data-widget_type=\"text-editor.default\">\n\t\t\t\t\t\t\t\t\t<p data-start=\"1554\" data-end=\"1634\">Bu deneyim s\u0131n\u0131rl\u0131 kat\u0131l\u0131mc\u0131 ile ger\u00e7ekle\u015fmektedir.<br data-start=\"325\" data-end=\"328\" \/>Ba\u015fvurular, etkinli\u011fin ruhuna uygunluk do\u011frultusunda de\u011ferlendirilecektir.<\/p><p data-start=\"1554\" data-end=\"1634\">\u00a0<\/p><p data-start=\"425\" data-end=\"508\">Y\u00e9r voyage deneyimleri, yaln\u0131zca kat\u0131l\u0131m de\u011fil, uyum ve atmosfer \u00fczerine kuruludur.<\/p><p data-start=\"510\" data-end=\"635\">Formu doldurarak ba\u015fvurunuzu iletebilirsiniz.<br data-start=\"570\" data-end=\"573\" \/>Se\u00e7ilen kat\u0131l\u0131mc\u0131lar ile etkinlik detaylar\u0131 ayr\u0131ca payla\u015f\u0131l\u0131r.<\/p>\t\t\t\t\t\t\t\t<\/div>\n\t\t\t\t\t<\/div>\n\t\t<\/div>\n\t\t\t\t<div class=\"elementor-column elementor-col-50 elementor-inner-column elementor-element elementor-element-7877033\" data-id=\"7877033\" data-element_type=\"column\" data-e-type=\"column\">\n\t\t\t<div class=\"elementor-widget-wrap elementor-element-populated\">\n\t\t\t\t\t\t<div class=\"elementor-element elementor-element-07378db elementor-widget elementor-widget-heading\" data-id=\"07378db\" data-element_type=\"widget\" data-e-type=\"widget\" data-widget_type=\"heading.default\">\n\t\t\t\t\t<h2 class=\"elementor-heading-title elementor-size-default\"> \u00d6N KAYIT FORMU<\/h2>\t\t\t\t<\/div>\n\t\t\t\t<div class=\"elementor-element elementor-element-6b53dc0 elementor-button-align-stretch elementor-widget elementor-widget-form\" data-id=\"6b53dc0\" data-element_type=\"widget\" data-e-type=\"widget\" data-settings=\"{&quot;step_next_label&quot;:&quot;Next&quot;,&quot;step_previous_label&quot;:&quot;Previous&quot;,&quot;button_width&quot;:&quot;100&quot;,&quot;step_type&quot;:&quot;number_text&quot;,&quot;step_icon_shape&quot;:&quot;circle&quot;}\" data-widget_type=\"form.default\">\n\t\t\t\t\t\t\t<form class=\"elementor-form\" method=\"post\" name=\"New Form\" aria-label=\"New Form\">\n\t\t\t<input type=\"hidden\" name=\"post_id\" value=\"3067\"\/>\n\t\t\t<input type=\"hidden\" name=\"form_id\" value=\"6b53dc0\"\/>\n\t\t\t<input type=\"hidden\" name=\"referer_title\" value=\"\" \/>\n\n\t\t\t\n\t\t\t<div class=\"elementor-form-fields-wrapper elementor-labels-above\">\n\t\t\t\t\t\t\t\t<div class=\"elementor-field-type-text elementor-field-group elementor-column elementor-field-group-field_9e5e061 elementor-col-50\">\n\t\t\t\t\t\t\t\t\t\t\t\t<label for=\"form-field-field_9e5e061\" class=\"elementor-field-label\">\n\t\t\t\t\t\t\t\tAd Soyad\t\t\t\t\t\t\t<\/label>\n\t\t\t\t\t\t\t\t\t\t\t\t\t\t<input size=\"1\" type=\"text\" name=\"form_fields[field_9e5e061]\" id=\"form-field-field_9e5e061\" class=\"elementor-field elementor-size-sm  elementor-field-textual\" placeholder=\"(Ad\u0131n\u0131z ve soyad\u0131n\u0131z)\">\n\t\t\t\t\t\t\t\t\t\t\t<\/div>\n\t\t\t\t\t\t\t\t<div class=\"elementor-field-type-email elementor-field-group elementor-column elementor-field-group-field_d1e1855 elementor-col-50\">\n\t\t\t\t\t\t\t\t\t\t\t\t<label for=\"form-field-field_d1e1855\" class=\"elementor-field-label\">\n\t\t\t\t\t\t\t\tE-posta Adresi\t\t\t\t\t\t\t<\/label>\n\t\t\t\t\t\t\t\t\t\t\t\t\t\t<input size=\"1\" type=\"email\" name=\"form_fields[field_d1e1855]\" id=\"form-field-field_d1e1855\" class=\"elementor-field elementor-size-sm  elementor-field-textual\" placeholder=\"(E-posta adresiniz)\">\n\t\t\t\t\t\t\t\t\t\t\t<\/div>\n\t\t\t\t\t\t\t\t<div class=\"elementor-field-type-tel elementor-field-group elementor-column elementor-field-group-field_b749cbf elementor-col-50\">\n\t\t\t\t\t\t\t\t\t\t\t\t<label for=\"form-field-field_b749cbf\" class=\"elementor-field-label\">\n\t\t\t\t\t\t\t\t\u015eehir \/ \u00dclke\t\t\t\t\t\t\t<\/label>\n\t\t\t\t\t\t\t\t<input size=\"1\" type=\"tel\" name=\"form_fields[field_b749cbf]\" id=\"form-field-field_b749cbf\" class=\"elementor-field elementor-size-sm  elementor-field-textual\" placeholder=\"(Nereden kat\u0131l\u0131yorsunuz?)\" pattern=\"[0-9()#&amp;+*-=.]+\" title=\"Only numbers and phone characters (#, -, *, etc) are accepted.\">\n\n\t\t\t\t\t\t<\/div>\n\t\t\t\t\t\t\t\t<div class=\"elementor-field-type-url elementor-field-group elementor-column elementor-field-group-field_f4d0f9b elementor-col-50\">\n\t\t\t\t\t\t\t\t\t\t\t\t<label for=\"form-field-field_f4d0f9b\" class=\"elementor-field-label\">\n\t\t\t\t\t\t\t\tTelefon \/ Whatsapp\t\t\t\t\t\t\t<\/label>\n\t\t\t\t\t\t\t\t\t\t\t\t\t\t<input size=\"1\" type=\"url\" name=\"form_fields[field_f4d0f9b]\" id=\"form-field-field_f4d0f9b\" class=\"elementor-field elementor-size-sm  elementor-field-textual\" placeholder=\"(Telefon veya Whatsapp)\">\n\t\t\t\t\t\t\t\t\t\t\t<\/div>\n\t\t\t\t\t\t\t\t<div class=\"elementor-field-type-select elementor-field-group elementor-column elementor-field-group-field_ba4012a elementor-col-50\">\n\t\t\t\t\t\t\t\t\t\t\t\t<label for=\"form-field-field_ba4012a\" class=\"elementor-field-label\">\n\t\t\t\t\t\t\t\tKat\u0131l\u0131m Tercihi\t\t\t\t\t\t\t<\/label>\n\t\t\t\t\t\t\t\t<div class=\"elementor-field elementor-select-wrapper remove-before \">\n\t\t\t<div class=\"select-caret-down-wrapper\">\n\t\t\t\t<svg aria-hidden=\"true\" class=\"e-font-icon-svg e-eicon-caret-down\" viewBox=\"0 0 571.4 571.4\" xmlns=\"http:\/\/www.w3.org\/2000\/svg\"><path d=\"M571 393Q571 407 561 418L311 668Q300 679 286 679T261 668L11 418Q0 407 0 393T11 368 36 357H536Q550 357 561 368T571 393Z\"><\/path><\/svg>\t\t\t<\/div>\n\t\t\t<select name=\"form_fields[field_ba4012a]\" id=\"form-field-field_ba4012a\" class=\"elementor-field-textual elementor-size-sm\">\n\t\t\t\t\t\t\t\t\t<option value=\"Tek kat\u0131l\u0131m\">Tek kat\u0131l\u0131m<\/option>\n\t\t\t\t\t\t\t\t\t<option value=\"Bir arkada\u015f\u0131m ile kat\u0131lmak istiyorum\">Bir arkada\u015f\u0131m ile kat\u0131lmak istiyorum<\/option>\n\t\t\t\t\t\t\t<\/select>\n\t\t<\/div>\n\t\t\t\t\t\t<\/div>\n\t\t\t\t\t\t\t\t<div class=\"elementor-field-type-select elementor-field-group elementor-column elementor-field-group-field_fe96b2b elementor-col-50\">\n\t\t\t\t\t\t\t\t\t\t\t\t<label for=\"form-field-field_fe96b2b\" class=\"elementor-field-label\">\n\t\t\t\t\t\t\t\tYoga Deneyiminiz\t\t\t\t\t\t\t<\/label>\n\t\t\t\t\t\t\t\t<div class=\"elementor-field elementor-select-wrapper remove-before \">\n\t\t\t<div class=\"select-caret-down-wrapper\">\n\t\t\t\t<svg aria-hidden=\"true\" class=\"e-font-icon-svg e-eicon-caret-down\" viewBox=\"0 0 571.4 571.4\" xmlns=\"http:\/\/www.w3.org\/2000\/svg\"><path d=\"M571 393Q571 407 561 418L311 668Q300 679 286 679T261 668L11 418Q0 407 0 393T11 368 36 357H536Q550 357 561 368T571 393Z\"><\/path><\/svg>\t\t\t<\/div>\n\t\t\t<select name=\"form_fields[field_fe96b2b]\" id=\"form-field-field_fe96b2b\" class=\"elementor-field-textual elementor-size-sm\">\n\t\t\t\t\t\t\t\t\t<option value=\"Ba\u015flang\u0131\u00e7\">Ba\u015flang\u0131\u00e7<\/option>\n\t\t\t\t\t\t\t\t\t<option value=\"Orta\">Orta<\/option>\n\t\t\t\t\t\t\t\t\t<option value=\"\u0130leri\">\u0130leri<\/option>\n\t\t\t\t\t\t\t<\/select>\n\t\t<\/div>\n\t\t\t\t\t\t<\/div>\n\t\t\t\t\t\t\t\t<div class=\"elementor-field-type-textarea elementor-field-group elementor-column elementor-field-group-field_7be7473 elementor-col-100\">\n\t\t\t\t\t\t\t\t\t\t\t\t<label for=\"form-field-field_7be7473\" class=\"elementor-field-label\">\n\t\t\t\t\t\t\t\tKendinizden K\u0131saca Bahseder misiniz?\t\t\t\t\t\t\t<\/label>\n\t\t\t\t\t\t<textarea class=\"elementor-field-textual elementor-field  elementor-size-sm\" name=\"form_fields[field_7be7473]\" id=\"form-field-field_7be7473\" rows=\"4\" placeholder=\"(\u0130lgi alanlar\u0131n\u0131z, ya\u015fam tarz\u0131n\u0131z veya bu deneyime neden kat\u0131lmak istedi\u011finiz)\"><\/textarea>\t\t\t\t<\/div>\n\t\t\t\t\t\t\t\t<div class=\"elementor-field-type-checkbox elementor-field-group elementor-column elementor-field-group-field_581f807 elementor-col-100\">\n\t\t\t\t\t\t\t\t\t\t\t\t<label for=\"form-field-field_581f807\" class=\"elementor-field-label\">\n\t\t\t\t\t\t\t\tTercih Edilen \u0130leti\u015fim Y\u00f6ntemi\t\t\t\t\t\t\t<\/label>\n\t\t\t\t\t\t<div class=\"elementor-field-subgroup  elementor-subgroup-inline\"><span class=\"elementor-field-option\"><input type=\"checkbox\" value=\"E-posta\" id=\"form-field-field_581f807-0\" name=\"form_fields[field_581f807][]\"> <label for=\"form-field-field_581f807-0\">E-posta<\/label><\/span><span class=\"elementor-field-option\"><input type=\"checkbox\" value=\"WhatsApp\" id=\"form-field-field_581f807-1\" name=\"form_fields[field_581f807][]\"> <label for=\"form-field-field_581f807-1\">WhatsApp<\/label><\/span><span class=\"elementor-field-option\"><input type=\"checkbox\" value=\"Telefon G\u00f6r\u00fc\u015fmesi\" id=\"form-field-field_581f807-2\" name=\"form_fields[field_581f807][]\"> <label for=\"form-field-field_581f807-2\">Telefon G\u00f6r\u00fc\u015fmesi<\/label><\/span><\/div>\t\t\t\t<\/div>\n\t\t\t\t\t\t\t\t<div class=\"elementor-field-type-radio elementor-field-group elementor-column elementor-field-group-field_2fc037e elementor-col-100\">\n\t\t\t\t\t<div class=\"elementor-field-subgroup  \"><span class=\"elementor-field-option\"><input type=\"radio\" value=\"Ki\u015fisel verilerimin ba\u015fvuru s\u00fcreci kapsam\u0131nda i\u015flenmesini kabul ediyorum.\" id=\"form-field-field_2fc037e-0\" name=\"form_fields[field_2fc037e]\"> <label for=\"form-field-field_2fc037e-0\">Ki\u015fisel verilerimin ba\u015fvuru s\u00fcreci kapsam\u0131nda i\u015flenmesini kabul ediyorum.<\/label><\/span><span class=\"elementor-field-option\"><input type=\"radio\" value=\"y\u00e9r voyage taraf\u0131ndan yap\u0131lacak etkinlik bilgilendirmelerini almay\u0131 kabul ediyorum.\" id=\"form-field-field_2fc037e-1\" name=\"form_fields[field_2fc037e]\"> <label for=\"form-field-field_2fc037e-1\">y\u00e9r voyage taraf\u0131ndan yap\u0131lacak etkinlik bilgilendirmelerini almay\u0131 kabul ediyorum.<\/label><\/span><\/div>\t\t\t\t<\/div>\n\t\t\t\t\t\t\t\t<div class=\"elementor-field-group elementor-column elementor-field-type-submit elementor-col-100 e-form__buttons\">\n\t\t\t\t\t<button class=\"elementor-button elementor-size-xs\" type=\"submit\">\n\t\t\t\t\t\t<span class=\"elementor-button-content-wrapper\">\n\t\t\t\t\t\t\t\t\t\t\t\t\t\t\t\t\t\t\t\t\t\t<span class=\"elementor-button-text\">Ba\u015fvuruyu G\u00f6nder<\/span>\n\t\t\t\t\t\t\t\t\t\t\t\t\t<\/span>\n\t\t\t\t\t<\/button>\n\t\t\t\t<\/div>\n\t\t\t<\/div>\n\t\t<\/form>\n\t\t\t\t\t\t<\/div>\n\t\t\t\t\t<\/div>\n\t\t<\/div>\n\t\t\t\t\t<\/div>\n\t\t<\/section>\n\t\t\t\t\t<\/div>\n\t\t<\/div>\n\t\t\t\t\t<\/div>\n\t\t<\/section>\n\t\t\t\t<\/div>\n\t\t","protected":false},"excerpt":{"rendered":"<p>Yer Voyage G\u00fcvertede Yoga Y\u00e9r voyage ve Yoga on Deck i\u015f birli\u011fiyle haz\u0131rlanan bu \u00f6zel bulu\u015fma, klasik bir yoga seans\u0131n\u0131n \u00f6tesinde bir deneyim sunar. Tallinn\u2019in en se\u00e7kin limanlar\u0131ndan birinde, bir yat\u0131n g\u00fcvertesinde ger\u00e7ekle\u015fecek bu etkinlik; hareket, estetik ve sosyal deneyimi bir araya getirir. Bu sadece bir yoga seans\u0131 de\u011fil \u2014 ayn\u0131 zamanda an\u0131n tad\u0131n\u0131 \u00e7\u0131kard\u0131\u011f\u0131n\u0131z, [&hellip;]<\/p>\n","protected":false},"author":3,"featured_media":0,"parent":0,"menu_order":0,"comment_status":"closed","ping_status":"closed","template":"elementor_header_footer","meta":{"footnotes":""},"class_list":["post-3067","page","type-page","status-publish","hentry"],"lang":"tr","translations":{"tr":3067,"en":3078,"el":3087},"pll_sync_post":[],"_links":{"self":[{"href":"https:\/\/www.yervoyages.com\/index.php?rest_route=\/wp\/v2\/pages\/3067","targetHints":{"allow":["GET"]}}],"collection":[{"href":"https:\/\/www.yervoyages.com\/index.php?rest_route=\/wp\/v2\/pages"}],"about":[{"href":"https:\/\/www.yervoyages.com\/index.php?rest_route=\/wp\/v2\/types\/page"}],"author":[{"embeddable":true,"href":"https:\/\/www.yervoyages.com\/index.php?rest_route=\/wp\/v2\/users\/3"}],"replies":[{"embeddable":true,"href":"https:\/\/www.yervoyages.com\/index.php?rest_route=%2Fwp%2Fv2%2Fcomments&post=3067"}],"version-history":[{"count":27,"href":"https:\/\/www.yervoyages.com\/index.php?rest_route=\/wp\/v2\/pages\/3067\/revisions"}],"predecessor-version":[{"id":3135,"href":"https:\/\/www.yervoyages.com\/index.php?rest_route=\/wp\/v2\/pages\/3067\/revisions\/3135"}],"wp:attachment":[{"href":"https:\/\/www.yervoyages.com\/index.php?rest_route=%2Fwp%2Fv2%2Fmedia&parent=3067"}],"curies":[{"name":"wp","href":"https:\/\/api.w.org\/{rel}","templated":true}]}}